{"id":86,"date":"2012-08-21T23:35:52","date_gmt":"2012-08-21T20:35:52","guid":{"rendered":"http:\/\/www.touskibouge.com\/?page_id=86"},"modified":"2012-08-21T23:40:03","modified_gmt":"2012-08-21T20:40:03","slug":"les-onglets-qui-servent-a-rien","status":"publish","type":"page","link":"https:\/\/www.touskibouge.com\/?page_id=86","title":{"rendered":"Les pages qui servent \u00e0 rien&#8230;"},"content":{"rendered":"<p>Vous \u00eates quand m\u00eame all\u00e9s voir, n&rsquo;est-ce pas ?<\/p>\n<p>Non sans rire, j&rsquo;h\u00e9site entre un classement th\u00e9matique par pages ou garder le classement par cat\u00e9gorie sur le c\u00f4t\u00e9. That is the question. \u00ab\u00a0Profonds\u00a0\u00bb me direz_vous. Existentiel pour \u00eatre pr\u00e9cis.<\/p>\n","protected":false},"excerpt":{"rendered":"<p>Vous \u00eates quand m\u00eame all\u00e9s voir, n&rsquo;est-ce pas ? Non sans rire, j&rsquo;h\u00e9site entre un classement th\u00e9matique par pages ou garder le classement par cat\u00e9gorie sur le c\u00f4t\u00e9. That is the question. \u00ab\u00a0Profonds\u00a0\u00bb me direz_vous. Existentiel pour \u00eatre pr\u00e9cis.<\/p>\n","protected":false},"author":1,"featured_media":0,"parent":0,"menu_order":4,"comment_status":"open","ping_status":"open","template":"","meta":{"footnotes":""},"class_list":["post-86","page","type-page","status-publish","hentry"],"_links":{"self":[{"href":"https:\/\/www.touskibouge.com\/index.php?rest_route=\/wp\/v2\/pages\/86","targetHints":{"allow":["GET"]}}],"collection":[{"href":"https:\/\/www.touskibouge.com\/index.php?rest_route=\/wp\/v2\/pages"}],"about":[{"href":"https:\/\/www.touskibouge.com\/index.php?rest_route=\/wp\/v2\/types\/page"}],"author":[{"embeddable":true,"href":"https:\/\/www.touskibouge.com\/index.php?rest_route=\/wp\/v2\/users\/1"}],"replies":[{"embeddable":true,"href":"https:\/\/www.touskibouge.com\/index.php?rest_route=%2Fwp%2Fv2%2Fcomments&post=86"}],"version-history":[{"count":6,"href":"https:\/\/www.touskibouge.com\/index.php?rest_route=\/wp\/v2\/pages\/86\/revisions"}],"predecessor-version":[{"id":92,"href":"https:\/\/www.touskibouge.com\/index.php?rest_route=\/wp\/v2\/pages\/86\/revisions\/92"}],"wp:attachment":[{"href":"https:\/\/www.touskibouge.com\/index.php?rest_route=%2Fwp%2Fv2%2Fmedia&parent=86"}],"curies":[{"name":"wp","href":"https:\/\/api.w.org\/{rel}","templated":true}]}}