{"id":2,"date":"2012-08-15T15:17:15","date_gmt":"2012-08-15T12:17:15","guid":{"rendered":"http:\/\/www.archimail.com\/touskibouge\/?page_id=2"},"modified":"2012-08-21T20:13:59","modified_gmt":"2012-08-21T17:13:59","slug":"page-d-exemple","status":"publish","type":"page","link":"https:\/\/www.touskibouge.com\/?page_id=2","title":{"rendered":"Pourquoi ?"},"content":{"rendered":"<p>Comme dans la chanson de Claude-Michel Sch\u00f6nberg agr\u00e9ablement reprise par Arthur H, cet article constitue le premier pas pour moi sur la toile. C&rsquo;est le premier d&rsquo;une longue s\u00e9rie (ou pas) o\u00f9 je me d\u00e9voile \u00e0 travers le dessin, la bande dessin\u00e9e, la photographie et le film documentaire. D\u00e9sol\u00e9 pour ceux qui s&rsquo;attendaient \u00e0 de l&rsquo;\u00e9rotisme primaire, \u00e0 un \u00e9talage de vie priv\u00e9e, de conqu\u00eates en tout genre, de chair \u00e9tal\u00e9e au vu et au su de tous comme le titre aurait pu le laisser pr\u00e9sager aux esprits les plus mal tourn\u00e9s. Ce blog ne sera pas pour autant d\u00e9nu\u00e9 de charme et de fantaisie. J&rsquo;esp\u00e8re que vous y trouverez votre compte et le suivrez avec d\u00e9lectation. Ouvrez les yeux et r\u00e9galez-vous de ce que vous voudrez.<\/p>\n<p>Bien \u00e0 vous<\/p>\n<p>L\u00e9onard<\/p>\n<p>&nbsp;<\/p>\n<p>&nbsp;<\/p>\n","protected":false},"excerpt":{"rendered":"<p>Comme dans la chanson de Claude-Michel Sch\u00f6nberg agr\u00e9ablement reprise par Arthur H, cet article constitue le premier pas pour moi sur la toile. C&rsquo;est le premier d&rsquo;une longue s\u00e9rie (ou pas) o\u00f9 je me d\u00e9voile \u00e0 travers le dessin, la bande dessin\u00e9e, la photographie et le film documentaire. D\u00e9sol\u00e9 pour ceux qui s&rsquo;attendaient \u00e0 de &hellip; <a href=\"https:\/\/www.touskibouge.com\/?page_id=2\" class=\"more-link\">Continuer la lecture de <span class=\"screen-reader-text\">Pourquoi ?<\/span>  <span class=\"meta-nav\">&rarr;<\/span><\/a><\/p>\n","protected":false},"author":1,"featured_media":0,"parent":0,"menu_order":0,"comment_status":"open","ping_status":"open","template":"","meta":{"footnotes":""},"class_list":["post-2","page","type-page","status-publish","hentry"],"_links":{"self":[{"href":"https:\/\/www.touskibouge.com\/index.php?rest_route=\/wp\/v2\/pages\/2","targetHints":{"allow":["GET"]}}],"collection":[{"href":"https:\/\/www.touskibouge.com\/index.php?rest_route=\/wp\/v2\/pages"}],"about":[{"href":"https:\/\/www.touskibouge.com\/index.php?rest_route=\/wp\/v2\/types\/page"}],"author":[{"embeddable":true,"href":"https:\/\/www.touskibouge.com\/index.php?rest_route=\/wp\/v2\/users\/1"}],"replies":[{"embeddable":true,"href":"https:\/\/www.touskibouge.com\/index.php?rest_route=%2Fwp%2Fv2%2Fcomments&post=2"}],"version-history":[{"count":8,"href":"https:\/\/www.touskibouge.com\/index.php?rest_route=\/wp\/v2\/pages\/2\/revisions"}],"predecessor-version":[{"id":29,"href":"https:\/\/www.touskibouge.com\/index.php?rest_route=\/wp\/v2\/pages\/2\/revisions\/29"}],"wp:attachment":[{"href":"https:\/\/www.touskibouge.com\/index.php?rest_route=%2Fwp%2Fv2%2Fmedia&parent=2"}],"curies":[{"name":"wp","href":"https:\/\/api.w.org\/{rel}","templated":true}]}}